{"id":428,"date":"2022-06-09T17:40:15","date_gmt":"2022-06-09T17:40:15","guid":{"rendered":"https:\/\/harmonyum.org\/?page_id=428"},"modified":"2024-04-12T04:40:59","modified_gmt":"2024-04-12T04:40:59","slug":"contact","status":"publish","type":"page","link":"https:\/\/harmonyumhealing.com\/es\/contact\/","title":{"rendered":"Contacto"},"content":{"rendered":"<h3>Paz mental. Conciencia. Resultados.<\/h3>\n<p>Cuando dedicamos tiempo a nosotros mismos, creamos el espacio que necesitamos para sanar. La verdadera sanaci\u00f3n comienza en la ra\u00edz. La sanaci\u00f3n verdadera es la esencia de Harmonyum.<\/p>\n<p>\u00bfTienes preguntas adicionales o te gustar\u00eda saber si una sesi\u00f3n de Harmonyum ser\u00eda apropiada para ti o para tu ser querido? Ponte en contacto con alguno de los miembros de nuestro equipo docente de Harmonyum para recibir m\u00e1s informaci\u00f3n y apoyo para que puedas tomar la decisi\u00f3n correcta.<\/p>\n<p>Puedes llenar el formulario o ponerte en contacto con nosotros en el correo electr\u00f3nico o en el n\u00famero de tel\u00e9fono que aparece a continuaci\u00f3n.<\/p>\n<p>El equipo docente de Harmonyum desea ponerse en contacto contigo. Gracias<\/p>\n<p><strong>Harmonyum Education<br \/>\n<\/strong><span style=\"font-weight: 400;\">P.O. Box 1988<br \/>\n<\/span><span style=\"font-weight: 400;\">Santa Monica<br \/>\n<\/span><span style=\"font-weight: 400;\">CA 90406<br \/>\n<\/span><span style=\"font-weight: 400;\">+1 (424) 278 4074<br \/>\n<\/span><span style=\"font-weight: 400;\">info@harmonyumhealing.com<\/span><\/p>\n<!-- AddThis Advanced Settings generic via filter on the_content --><!-- AddThis Share Buttons generic via filter on the_content -->","protected":false},"excerpt":{"rendered":"<p>Peace of Mind. Awareness. Results. When we make time for ourselves we create the space we need to heal. True healing starts at the root level. True healing is the essence of Harmonyum. Do you have additional questions or would like to know if a Harmonyum session would be appropriate for you or your loved [&hellip;]<!-- AddThis Advanced Settings generic via filter on get_the_excerpt --><!-- AddThis Share Buttons generic via filter on get_the_excerpt --><\/p>","protected":false},"author":1,"featured_media":0,"parent":0,"menu_order":0,"comment_status":"closed","ping_status":"closed","template":"templates\/page-contact.php","meta":{"footnotes":""},"class_list":["post-428","page","type-page","status-publish","hentry"],"acf":[],"_links":{"self":[{"href":"https:\/\/harmonyumhealing.com\/es\/wp-json\/wp\/v2\/pages\/428","targetHints":{"allow":["GET"]}}],"collection":[{"href":"https:\/\/harmonyumhealing.com\/es\/wp-json\/wp\/v2\/pages"}],"about":[{"href":"https:\/\/harmonyumhealing.com\/es\/wp-json\/wp\/v2\/types\/page"}],"author":[{"embeddable":true,"href":"https:\/\/harmonyumhealing.com\/es\/wp-json\/wp\/v2\/users\/1"}],"replies":[{"embeddable":true,"href":"https:\/\/harmonyumhealing.com\/es\/wp-json\/wp\/v2\/comments?post=428"}],"version-history":[{"count":0,"href":"https:\/\/harmonyumhealing.com\/es\/wp-json\/wp\/v2\/pages\/428\/revisions"}],"wp:attachment":[{"href":"https:\/\/harmonyumhealing.com\/es\/wp-json\/wp\/v2\/media?parent=428"}],"curies":[{"name":"wp","href":"https:\/\/api.w.org\/{rel}","templated":true}]}}